{"id":84,"date":"2017-04-11T18:39:08","date_gmt":"2017-04-11T16:39:08","guid":{"rendered":"http:\/\/www.xn--bilderhuser-dorftheater-17b.de\/?page_id=84"},"modified":"2020-02-24T17:20:59","modified_gmt":"2020-02-24T16:20:59","slug":"mach-mit","status":"publish","type":"page","link":"https:\/\/www.xn--bilderhuser-dorftheater-17b.de\/?page_id=84","title":{"rendered":"Mach mit!"},"content":{"rendered":"<div id=\"pl-84\"  class=\"panel-layout\" ><div id=\"pg-84-0\"  class=\"panel-grid panel-no-style\" ><div id=\"pgc-84-0-0\"  class=\"panel-grid-cell\" ><div id=\"panel-84-0-0-0\" class=\"so-panel widget widget_sow-editor panel-first-child\" data-index=\"0\" ><div class=\"so-widget-sow-editor so-widget-sow-editor-base\">\n<div class=\"siteorigin-widget-tinymce textwidget\">\n\t<p>Wenn auch Du Lust hast bei unserer Theatergruppe mitzumachen, melde dich einfach bei Hildegard Reinecke (0 53 84 - 612) oder f\u00fcll das folgende Formular aus.<br \/> Wir melden uns gerne f\u00fcr die n\u00e4chste Probe bei Dir!<\/p>\n<\/div>\n<\/div><\/div><div id=\"panel-84-0-0-1\" class=\"so-panel widget widget_sow-contact-form panel-last-child\" data-index=\"1\" ><div class=\"so-widget-sow-contact-form so-widget-sow-contact-form-default-29e8396e8f06\">\t<form action=\"\/index.php?rest_route=%2Fwp%2Fv2%2Fpages%2F84#contact-form-a9c5\"\n          method=\"POST\" class=\"sow-contact-form\" id=\"contact-form-a9c5\">\n\n\t\t\n\t\t            <div class=\"sow-form-field sow-form-field-name\"><label class=\"sow-form-field-label-above\" for=\"sow-contact-form-field-name-58ed07e22b6d6\"><strong>Name<\/strong><\/label>\n\t\t\t<span class=\"sow-field-container\">\t\t<input type=\"text\" name=\"name-58ed07e22b6d6\" id=\"sow-contact-form-field-name-58ed07e22b6d6\" value=\"\" class=\"sow-text-field\"\/>\n\t\t<\/span><\/div>            <div class=\"sow-form-field sow-form-field-email\"><label class=\"sow-form-field-label-above\" for=\"sow-contact-form-field-deine-e-mail-adresse-58ed07e22b6d6\"><strong>Deine E-mail Adresse<\/strong><\/label>\n\t\t\t<span class=\"sow-field-container\">\t\t<input type=\"email\" name=\"deine-e-mail-adresse-58ed07e22b6d6\" id=\"sow-contact-form-field-deine-e-mail-adresse-58ed07e22b6d6\" value=\"\" class=\"sow-text-field\"\/>\n\t\t<\/span><\/div>            <div class=\"sow-form-field sow-form-field-textarea\"><label class=\"sow-form-field-label-above\" for=\"sow-contact-form-field-deine-nachricht-an-uns-58ed07e22b6d6\"><strong>Deine Nachricht an uns<\/strong><\/label>\n\t\t\t<span class=\"sow-field-container\">\t\t<textarea name=\"deine-nachricht-an-uns-58ed07e22b6d6\" id=\"sow-contact-form-field-deine-nachricht-an-uns-58ed07e22b6d6\" rows=\"10\"><\/textarea>\n\t\t<\/span><\/div>            <div class=\"sow-form-field sow-form-field-text\"><label class=\"sow-form-field-label-above\" for=\"sow-contact-form-field-telefonnr-58ed07e22b6d6\"><strong>Telefonnr.<\/strong><\/label>\n\t\t\t<span class=\"sow-field-container\">\t\t<input type=\"text\" name=\"telefonnr-58ed07e22b6d6\" id=\"sow-contact-form-field-telefonnr-58ed07e22b6d6\" value=\"\" class=\"sow-text-field\"\/>\n\t\t<\/span><\/div>\t\t<input type=\"hidden\" name=\"instance_hash\" value=\"a9c514878189bb4fd149cc1af04eff15\" \/>\n\t\t<input type=\"hidden\" id=\"_wpnonce\" name=\"_wpnonce\" value=\"c6c47d377f\" \/><input type=\"hidden\" name=\"_wp_http_referer\" value=\"\/index.php?rest_route=%2Fwp%2Fv2%2Fpages%2F84\" \/>\n\t\t\t\t\t<div class=\"sow-recaptcha\"\n\t\t\t\t data-config=\"{&quot;sitekey&quot;:&quot;6LenytsUAAAAAI_ueF0spqVt9JILfWB6jS9x5911&quot;,&quot;theme&quot;:&quot;light&quot;,&quot;type&quot;:&quot;image&quot;,&quot;size&quot;:&quot;normal&quot;}\"><\/div>\n\t\t\n\t\t<div class=\"sow-submit-wrapper sow-submit-styled\">\n\t\t\t<input type=\"submit\" value=\"Contact Us\" class=\"sow-submit\"\n\t\t\t\t   \t\t\t>\n\t\t<\/div>\n\t<\/form>\n\t<\/div><\/div><\/div><\/div><\/div>","protected":false},"excerpt":{"rendered":"<p>Wenn auch Du Lust hast bei unserer Theatergruppe mitzumachen, melde dich einfach bei Hildegard Reinecke (0 53 84 &#8211; 612) oder f\u00fcll das folgende Formular aus. Wir melden uns gerne f\u00fcr die n\u00e4chste Probe bei[&#8230;]<\/p>\n","protected":false},"author":1,"featured_media":0,"parent":0,"menu_order":0,"comment_status":"closed","ping_status":"closed","template":"","meta":[],"_links":{"self":[{"href":"https:\/\/www.xn--bilderhuser-dorftheater-17b.de\/index.php?rest_route=\/wp\/v2\/pages\/84"}],"collection":[{"href":"https:\/\/www.xn--bilderhuser-dorftheater-17b.de\/index.php?rest_route=\/wp\/v2\/pages"}],"about":[{"href":"https:\/\/www.xn--bilderhuser-dorftheater-17b.de\/index.php?rest_route=\/wp\/v2\/types\/page"}],"author":[{"embeddable":true,"href":"https:\/\/www.xn--bilderhuser-dorftheater-17b.de\/index.php?rest_route=\/wp\/v2\/users\/1"}],"replies":[{"embeddable":true,"href":"https:\/\/www.xn--bilderhuser-dorftheater-17b.de\/index.php?rest_route=%2Fwp%2Fv2%2Fcomments&post=84"}],"version-history":[{"count":7,"href":"https:\/\/www.xn--bilderhuser-dorftheater-17b.de\/index.php?rest_route=\/wp\/v2\/pages\/84\/revisions"}],"predecessor-version":[{"id":477,"href":"https:\/\/www.xn--bilderhuser-dorftheater-17b.de\/index.php?rest_route=\/wp\/v2\/pages\/84\/revisions\/477"}],"wp:attachment":[{"href":"https:\/\/www.xn--bilderhuser-dorftheater-17b.de\/index.php?rest_route=%2Fwp%2Fv2%2Fmedia&parent=84"}],"curies":[{"name":"wp","href":"https:\/\/api.w.org\/{rel}","templated":true}]}}